{"id":127,"date":"2022-02-04T15:16:43","date_gmt":"2022-02-04T15:16:43","guid":{"rendered":"https:\/\/www.preparacorreos.com\/alta\/?page_id=127"},"modified":"2023-02-01T12:58:02","modified_gmt":"2023-02-01T12:58:02","slug":"producto-principal","status":"publish","type":"page","link":"https:\/\/www.preparacorreos.com\/alta\/","title":{"rendered":"Acceso a correos"},"content":{"rendered":"<p>[et_pb_section][et_pb_row][et_pb_column type=\u00bb4_4&#8243;][et_pb_text]<\/p>\n<div class=\"woocommerce\">\t\t\t<div class=\"single-product\" data-product-page-preselected-id=\"0\">\n\t\t\t\t<div class=\"woocommerce-notices-wrapper\"><\/div><div id=\"product-22\" class=\"product type-product post-22 status-publish first instock product_cat-formacion has-post-thumbnail virtual sold-individually taxable purchasable product-type-simple\">\n\n\t<div class=\"clearfix\"><div class=\"woocommerce-product-gallery woocommerce-product-gallery--with-images woocommerce-product-gallery--columns-4 images\" data-columns=\"4\" style=\"opacity: 0; transition: opacity .25s ease-in-out;\">\n\t<div class=\"woocommerce-product-gallery__wrapper\">\n\t\t<div data-thumb=\"https:\/\/www.preparacorreos.com\/alta\/wp-content\/uploads\/2022\/01\/IMAGEN-PRODUCTO-100x100.png\" data-thumb-alt=\"Preparaci\u00f3n Acceso a Correos\" data-thumb-srcset=\"\"  data-thumb-sizes=\"\" class=\"woocommerce-product-gallery__image\"><a href=\"https:\/\/www.preparacorreos.com\/alta\/wp-content\/uploads\/2022\/01\/IMAGEN-PRODUCTO.png\"><img decoding=\"async\" loading=\"lazy\" width=\"600\" height=\"600\" src=\"https:\/\/www.preparacorreos.com\/alta\/wp-content\/uploads\/2022\/01\/IMAGEN-PRODUCTO-600x600.png\" class=\"wp-post-image\" alt=\"Preparaci\u00f3n Acceso a Correos\" data-caption=\"\" data-src=\"https:\/\/www.preparacorreos.com\/alta\/wp-content\/uploads\/2022\/01\/IMAGEN-PRODUCTO.png\" data-large_image=\"https:\/\/www.preparacorreos.com\/alta\/wp-content\/uploads\/2022\/01\/IMAGEN-PRODUCTO.png\" data-large_image_width=\"1001\" data-large_image_height=\"1001\" \/><\/a><\/div>\t<\/div>\n<\/div>\n\n\t<div class=\"summary entry-summary\">\n\t\t<h1 class=\"product_title entry-title\">Preparaci\u00f3n Acceso a Correos<\/h1><p class=\"price\"><span class=\"woocommerce-Price-amount amount\"><bdi>1.190,00&nbsp;<span class=\"woocommerce-Price-currencySymbol\">&euro;<\/span><\/bdi><\/span><\/p>\n<div class=\"woocommerce-product-details__short-description\">\n\t<p style=\"text-align: center;\"><span style=\"color: #00457c;\"><span id=\"page1R_mcid3\" class=\"markedContent\"><span dir=\"ltr\" role=\"presentation\">Plataforma virtual<\/span><\/span><span id=\"page1R_mcid4\" class=\"markedContent\"><\/span><strong><span id=\"page1R_mcid4\" class=\"markedContent\"><br role=\"presentation\" \/><span dir=\"ltr\" style=\"font-size: 14pt;\" role=\"presentation\">Desde cualquier dispositivo<\/span><\/span><\/strong><\/span><span id=\"page1R_mcid5\" class=\"markedContent\"><\/span><\/p>\n<p style=\"text-align: left;\"><span id=\"page1R_mcid5\" class=\"markedContent\"><br role=\"presentation\" \/><span dir=\"ltr\" role=\"presentation\"><img decoding=\"async\" class=\"alignnone size-full wp-image-156 lazyload\" data-src=\"https:\/\/www.preparacorreos.com\/alta\/wp-content\/uploads\/2022\/01\/visto.png\" alt=\"\" width=\"20\" height=\"20\" src=\"data:image\/svg+xml;base64,PHN2ZyB3aWR0aD0iMSIgaGVpZ2h0PSIxIiB4bWxucz0iaHR0cDovL3d3dy53My5vcmcvMjAwMC9zdmciPjwvc3ZnPg==\" style=\"--smush-placeholder-width: 20px; --smush-placeholder-aspect-ratio: 20\/20;\" \/>\u00a0 <span style=\"color: #00457c;\">Plataforma online disponible las 24 horas del d\u00eda, los 365 d\u00edas del a\u00f1o.<\/span><br \/>\n<\/span><\/span><span style=\"color: #00457c;\"><span id=\"page1R_mcid6\" class=\"markedContent\"><span dir=\"ltr\" role=\"presentation\"><span id=\"page1R_mcid5\" class=\"markedContent\"><img decoding=\"async\" class=\"alignnone size-full wp-image-156 lazyload\" data-src=\"https:\/\/www.preparacorreos.com\/alta\/wp-content\/uploads\/2022\/01\/visto.png\" alt=\"\" width=\"20\" height=\"20\" src=\"data:image\/svg+xml;base64,PHN2ZyB3aWR0aD0iMSIgaGVpZ2h0PSIxIiB4bWxucz0iaHR0cDovL3d3dy53My5vcmcvMjAwMC9zdmciPjwvc3ZnPg==\" style=\"--smush-placeholder-width: 20px; --smush-placeholder-aspect-ratio: 20\/20;\" \/><\/span>\u00a0 <strong>Temario<\/strong> en formato libro digital y PDF, con v\u00eddeos integrados con c\u00f3digo QR.<\/span><\/span><span id=\"page1R_mcid7\" class=\"markedContent\"><br role=\"presentation\" \/><span dir=\"ltr\" role=\"presentation\"><span id=\"page1R_mcid5\" class=\"markedContent\"><img decoding=\"async\" class=\"alignnone size-full wp-image-156 lazyload\" data-src=\"https:\/\/www.preparacorreos.com\/alta\/wp-content\/uploads\/2022\/01\/visto.png\" alt=\"\" width=\"20\" height=\"20\" src=\"data:image\/svg+xml;base64,PHN2ZyB3aWR0aD0iMSIgaGVpZ2h0PSIxIiB4bWxucz0iaHR0cDovL3d3dy53My5vcmcvMjAwMC9zdmciPjwvc3ZnPg==\" style=\"--smush-placeholder-width: 20px; --smush-placeholder-aspect-ratio: 20\/20;\" \/><\/span>\u00a0 Videos explicativos, res\u00famenes PPT, esquemas, actividades interactivas, etc.<\/span><\/span><span id=\"page1R_mcid8\" class=\"markedContent\"><br role=\"presentation\" \/><span dir=\"ltr\" role=\"presentation\"><span id=\"page1R_mcid5\" class=\"markedContent\"><img decoding=\"async\" class=\"alignnone size-full wp-image-156 lazyload\" data-src=\"https:\/\/www.preparacorreos.com\/alta\/wp-content\/uploads\/2022\/01\/visto.png\" alt=\"\" width=\"20\" height=\"20\" src=\"data:image\/svg+xml;base64,PHN2ZyB3aWR0aD0iMSIgaGVpZ2h0PSIxIiB4bWxucz0iaHR0cDovL3d3dy53My5vcmcvMjAwMC9zdmciPjwvc3ZnPg==\" style=\"--smush-placeholder-width: 20px; --smush-placeholder-aspect-ratio: 20\/20;\" \/><\/span>\u00a0 Videoclases en directo y grabadas de cada uno de los temas.<\/span><\/span><span id=\"page1R_mcid9\" class=\"markedContent\"><br role=\"presentation\" \/><span dir=\"ltr\" role=\"presentation\"><span id=\"page1R_mcid5\" class=\"markedContent\"><img decoding=\"async\" class=\"alignnone size-full wp-image-156 lazyload\" data-src=\"https:\/\/www.preparacorreos.com\/alta\/wp-content\/uploads\/2022\/01\/visto.png\" alt=\"\" width=\"20\" height=\"20\" src=\"data:image\/svg+xml;base64,PHN2ZyB3aWR0aD0iMSIgaGVpZ2h0PSIxIiB4bWxucz0iaHR0cDovL3d3dy53My5vcmcvMjAwMC9zdmciPjwvc3ZnPg==\" style=\"--smush-placeholder-width: 20px; --smush-placeholder-aspect-ratio: 20\/20;\" \/><\/span>\u00a0 M\u00e1s de 2.500 preguntas tipo test auto-corregibles.<\/span><\/span><span id=\"page1R_mcid10\" class=\"markedContent\"><br role=\"presentation\" \/><span dir=\"ltr\" role=\"presentation\"><span id=\"page1R_mcid5\" class=\"markedContent\"><img decoding=\"async\" class=\"alignnone size-full wp-image-156 lazyload\" data-src=\"https:\/\/www.preparacorreos.com\/alta\/wp-content\/uploads\/2022\/01\/visto.png\" alt=\"\" width=\"20\" height=\"20\" src=\"data:image\/svg+xml;base64,PHN2ZyB3aWR0aD0iMSIgaGVpZ2h0PSIxIiB4bWxucz0iaHR0cDovL3d3dy53My5vcmcvMjAwMC9zdmciPjwvc3ZnPg==\" style=\"--smush-placeholder-width: 20px; --smush-placeholder-aspect-ratio: 20\/20;\" \/><\/span>\u00a0 Clases de psicot\u00e9cnicos y test psicot\u00e9cnicos auto-corregibles.<\/span><\/span><span id=\"page1R_mcid11\" class=\"markedContent\"><span id=\"page1R_mcid12\" class=\"markedContent\"><span id=\"page1R_mcid13\" class=\"markedContent\"><span id=\"page1R_mcid5\" class=\"markedContent\"><span dir=\"ltr\" role=\"presentation\"><br \/>\n<img decoding=\"async\" class=\"alignnone size-full wp-image-156 lazyload\" data-src=\"https:\/\/www.preparacorreos.com\/alta\/wp-content\/uploads\/2022\/01\/visto.png\" alt=\"\" width=\"20\" height=\"20\" src=\"data:image\/svg+xml;base64,PHN2ZyB3aWR0aD0iMSIgaGVpZ2h0PSIxIiB4bWxucz0iaHR0cDovL3d3dy53My5vcmcvMjAwMC9zdmciPjwvc3ZnPg==\" style=\"--smush-placeholder-width: 20px; --smush-placeholder-aspect-ratio: 20\/20;\" \/><\/span><\/span><\/span><span id=\"page1R_mcid14\" class=\"markedContent\"><span dir=\"ltr\" role=\"presentation\">\u00a0 Simulacros de examen y test de otras convocatorias.<\/span><\/span><\/span><span id=\"page1R_mcid15\" class=\"markedContent\"><span id=\"page1R_mcid16\" class=\"markedContent\"><span id=\"page1R_mcid5\" class=\"markedContent\"><span dir=\"ltr\" role=\"presentation\"><br \/>\n<img decoding=\"async\" class=\"alignnone size-full wp-image-156 lazyload\" data-src=\"https:\/\/www.preparacorreos.com\/alta\/wp-content\/uploads\/2022\/01\/visto.png\" alt=\"\" width=\"20\" height=\"20\" src=\"data:image\/svg+xml;base64,PHN2ZyB3aWR0aD0iMSIgaGVpZ2h0PSIxIiB4bWxucz0iaHR0cDovL3d3dy53My5vcmcvMjAwMC9zdmciPjwvc3ZnPg==\" style=\"--smush-placeholder-width: 20px; --smush-placeholder-aspect-ratio: 20\/20;\" \/><\/span><\/span><\/span><span id=\"page1R_mcid17\" class=\"markedContent\"><span dir=\"ltr\" role=\"presentation\">\u00a0 Contacto con los tutores: apoyo y resoluci\u00f3n de dudas mediante e-mail.<\/span><\/span><\/span><\/span><\/span><\/p>\n<p>&nbsp;<\/p>\n<p><span style=\"font-size: 9pt; line-height: 1;\">Una vez le\u00eddos y aceptados el <a href=\"https:\/\/www.preparacorreos.com\/aviso-legal-y-condiciones-generales\/\" target=\"_blank\" rel=\"noopener\">aviso legal y condiciones generales<\/a> el alumno\/a manifiesta que ha comprendido el contenido de todos los textos legales anteriores y que a partir de este momento comienza la contrataci\u00f3n de su curso de preparaci\u00f3n a las oposiciones de correos.<\/span><\/p>\n<\/div>\n\n\t\n\t<form class=\"cart\" action=\"\" method=\"post\" enctype='multipart\/form-data'>\n\t\t<div data-floa-offers><\/div>\n\t\t<div class=\"quantity\">\n\t\t<label class=\"screen-reader-text\" for=\"quantity_69f694ac9d311\">Preparaci\u00f3n Acceso a Correos cantidad<\/label>\n\t<input\n\t\ttype=\"hidden\"\n\t\t\t\tid=\"quantity_69f694ac9d311\"\n\t\tclass=\"input-text qty text\"\n\t\tname=\"quantity\"\n\t\tvalue=\"1\"\n\t\taria-label=\"Cantidad de productos\"\n\t\t\t\tmin=\"1\"\n\t\t\t\t\tmax=\"1\"\n\t\t\t\t\t\t\tstep=\"1\"\n\t\t\tplaceholder=\"\"\n\t\t\tinputmode=\"numeric\"\n\t\t\tautocomplete=\"off\"\n\t\t\t\/>\n\t<\/div>\n\n\t\t<button type=\"submit\" name=\"add-to-cart\" value=\"22\" class=\"single_add_to_cart_button button alt\">A\u00f1adir al carrito<\/button>\n\n\t\t\t<\/form>\n\n\t\n<div class=\"product_meta\">\n\n\t\n\t\n\t<span class=\"posted_in\">Categor\u00eda: <a href=\"https:\/\/www.preparacorreos.com\/alta\/categoria-producto\/formacion\/\" rel=\"tag\">formacion<\/a><\/span>\n\t\n\t\n<\/div>\n\t<\/div>\n\n\t<\/div>\n\t<div class=\"woocommerce-tabs wc-tabs-wrapper\">\n\t\t<ul class=\"tabs wc-tabs\" role=\"tablist\">\n\t\t\t\t\t\t\t<li role=\"presentation\" class=\"description_tab\" id=\"tab-title-description\">\n\t\t\t\t\t<a href=\"#tab-description\" role=\"tab\" aria-controls=\"tab-description\">\n\t\t\t\t\t\tDescripci\u00f3n\t\t\t\t\t<\/a>\n\t\t\t\t<\/li>\n\t\t\t\t\t<\/ul>\n\t\t\t\t\t<div class=\"woocommerce-Tabs-panel woocommerce-Tabs-panel--description panel entry-content wc-tab\" id=\"tab-description\" role=\"tabpanel\" aria-labelledby=\"tab-title-description\">\n\t\t\t\t\n\t<h2>Descripci\u00f3n<\/h2>\n\n<p><span class=\"\" style=\"color: #2e3a47; background-color: #ffffff;\"><span dir=\"ltr\" role=\"presentation\">Correos<\/span><span dir=\"ltr\" role=\"presentation\"> en las dos \u00faltimas convocatorias ha convocado un total de m\u00e1s de <\/span><span dir=\"ltr\" role=\"presentation\">10.000 puestos fijos, e<\/span>n el Grupo Profesional IV, Personal Operativo. A este grupo pertenecen las siguientes categor\u00edas: puestos de atenci\u00f3n al cliente, agente de clasificaci\u00f3n, reparto en moto y reparto a pie. <\/span> <span class=\"\" style=\"color: #2e3a47; background-color: #ffffff;\">Pendiente publicaci\u00f3n oferta de plazas.<\/span> <strong>Nuestro curso de preparaci\u00f3n on-line incluye:<\/strong><\/p>\n<ul>\n<li><strong><span id=\"page23R_mcid27\" class=\"markedContent\"><span dir=\"ltr\" role=\"presentation\">Acceso a la plataforma virtual desde cualquier dispositivo<\/span><\/span><span id=\"page23R_mcid28\" class=\"markedContent\">.<\/span><\/strong><\/li>\n<li><strong><span id=\"page23R_mcid28\" class=\"markedContent\"><span dir=\"ltr\" role=\"presentation\">Videoclases en directo y grabadas de cada uno de los temas.<\/span><\/span><\/strong><\/li>\n<li><strong><span id=\"page23R_mcid29\" class=\"markedContent\"><span dir=\"ltr\" role=\"presentation\">Temario en formato libro digital con v\u00eddeos integrados.<\/span><\/span><\/strong><\/li>\n<li><strong><span id=\"page23R_mcid29\" class=\"markedContent\"><span dir=\"ltr\" role=\"presentation\">Materiales complementarios: videos explicativos, res\u00famenes PPT, esquemas, actividades<\/span><br role=\"presentation\" \/><span dir=\"ltr\" role=\"presentation\">interactivas, etc.<\/span><\/span><\/strong><\/li>\n<li><strong><span id=\"page23R_mcid29\" class=\"markedContent\"><span dir=\"ltr\" role=\"presentation\">M\u00e1s de 2.500 preguntas tipo test auto-corregibles.<\/span><\/span><\/strong><\/li>\n<li><strong><span id=\"page23R_mcid30\" class=\"markedContent\"><span dir=\"ltr\" role=\"presentation\">Clases de psicot\u00e9cnicos y test psicot\u00e9cnicos auto-corregibles.<\/span><\/span><\/strong><\/li>\n<li><strong><span id=\"page23R_mcid31\" class=\"markedContent\"><span dir=\"ltr\" role=\"presentation\">Simulacros de examen y test de otras convocatorias.<\/span><\/span><\/strong><\/li>\n<li><strong><span id=\"page23R_mcid32\" class=\"markedContent\"><span dir=\"ltr\" role=\"presentation\">Contacto con los tutores: apoyo y resoluci\u00f3n de dudas mediante e-mail.<\/span><\/span><\/strong><\/li>\n<\/ul>\n<p>Tendr\u00e1s acceso a la Plataforma Virtual, desde la cual podr\u00e1s acceder a todo el temario, test, v\u00eddeos, simulacros\u2026 para prepararte desde cualquier lugar, s\u00f3lo necesitas una conexi\u00f3n a Internet. Tambi\u00e9n tendr\u00e1s acceso a la opci\u00f3n de poder resolver tus dudas con los profesores de forma individualizada, y te podr\u00e1n orientar sobre c\u00f3mo afrontar la preparaci\u00f3n del temario y test. <strong>Requisitos del examen de Correos<\/strong> Los requisitos que mostramos a continuaci\u00f3n son los que han publicado para la \u00faltima convocatoria.<\/p>\n<ul>\n<li><span style=\"font-size: 14px;\">Haber cumplido la edad legal de contrataci\u00f3n prevista para cada puesto de trabajo.<\/span><\/li>\n<li><span style=\"font-size: 14px;\">Cumplir los requisitos contractuales conforme a la legislaci\u00f3n vigente en materia de permisos de trabajo o cualquier otra que la sustituya.<\/span><\/li>\n<li><span style=\"font-size: 14px;\">Estar en posesi\u00f3n del t\u00edtulo de Ense\u00f1anza Secundaria Obligatoria, Graduado Escolar o titulaci\u00f3n oficial que la sustituya, o conocimiento, experiencia y aptitudes, adquiridos en el desempe\u00f1o de su profesi\u00f3n, equivalentes a esta titulaci\u00f3n, de acuerdo con el III Convenio Colectivo, para el desempe\u00f1o de los puestos de trabajo del Grupo IV Personal Operativo.<\/span><\/li>\n<li><span style=\"font-size: 14px;\">No mantener en la actualidad una relaci\u00f3n laboral fija en Correos.<\/span><\/li>\n<li><span style=\"font-size: 14px;\">No haber sido separado del servicio ni despedido disciplinariamente, por hechos acaecidos en el \u00e1mbito de las sociedades del Grupo Correos.<\/span><\/li>\n<li><span style=\"font-size: 14px;\">No haber tenido un contrato de trabajo extinguido con Correos por la no superaci\u00f3n del per\u00edodo de prueba en el desempe\u00f1o del puesto solicitado en el proceso.<\/span><\/li>\n<li><span style=\"font-size: 14px;\">No haber sido evaluado negativamente por el desempe\u00f1o del puesto de trabajo en Correos solicitado en el proceso.<\/span><\/li>\n<li><span style=\"font-size: 14px;\">No hallarse inhabilitado para el desempe\u00f1o de funciones p\u00fablicas por sentencia firme.<\/span><\/li>\n<li><span style=\"font-size: 14px;\">No padecer enfermedad o limitaciones f\u00edsicas o ps\u00edquicas para el normal desempe\u00f1o de las tareas y funciones a realizar, seg\u00fan criterio de los servicios m\u00e9dicos de la empresa.<\/span><\/li>\n<li><span style=\"font-size: 14px;\">Cumplir con los requisitos establecidos legal y convencionalmente para los puestos de trabajo ofertados en la convocatoria.<\/span><\/li>\n<li><span style=\"font-size: 14px;\">Adem\u00e1s de estos requisitos generales, se establece el siguiente requisito espec\u00edfico para el puesto de Reparto 1 (motorizado): disponer de los permisos de circulaci\u00f3n habilitantes para la conducci\u00f3n del veh\u00edculo a motor empleado para el desempe\u00f1o del puesto adjudicado.<\/span><\/li>\n<\/ul>\n<p><strong>Programa Oposiciones Correos<\/strong><\/p>\n<ul>\n<li>TEMA 1. Correos: marco normativo postal y naturaleza jur\u00eddica. Organismos reguladores nacionales e internacionales. Organizaciones postales internacionales en las que participa o tienen vinculaci\u00f3n con Correos. Organizaci\u00f3n del Grupo Correos. Correos y su adaptaci\u00f3n a los cambios.<\/li>\n<li>TEMA 2. Experiencia de personas en Correos. Diversidad, Inclusi\u00f3n e Igualdad. Prevenci\u00f3n de riesgos y bienestar. Responsabilidad Social Corporativa (RSC). Objetivos de Desarrollo Sostenible (ODS). Ejes de la sostenibilidad en Correos. Emprendimiento e Innovaci\u00f3n<\/li>\n<li>TEMA 3. Productos y servicios: Comunicaci\u00f3n. Paqueter\u00eda de Correos y de Correos Express. Servicios e-commerce y Citypaq.<\/li>\n<li>TEMA 4. Productos y servicios: En Oficinas. Servicios Financieros. Soluciones Digitales. Filatelia.<\/li>\n<li>TEMA 5. Nuevas l\u00edneas de negocio: Correos Log\u00edstica. Correos Fr\u00edo. Otros negocios.<\/li>\n<li>TEMA 6. Herramientas. Funciones y utilidad.<\/li>\n<li>TEMA 7. Procesos operativos I: Admisi\u00f3n.<\/li>\n<li>TEMA 8. Procesos operativos II: Tratamiento y Transporte.<\/li>\n<li>TEMA 9. Procesos operativos III: Distribuci\u00f3n y Entrega.<\/li>\n<li>TEMA 10. El cliente: Atenci\u00f3n al cliente y calidad. Protocolos de Ventas.<\/li>\n<li>TEMA 11. Internacionalizaci\u00f3n y Aduanas.<\/li>\n<li>TEMA 12. Normas de cumplimiento: Protecci\u00f3n de datos. Prevenci\u00f3n de Blanqueo de Capitales. Compromiso \u00e9tico y transparencia. Seguridad de la Informaci\u00f3n y Ciberseguridad.<\/li>\n<\/ul>\n\t\t\t<\/div>\n\t\t\n\t\t\t<\/div>\n\n<\/div>\n\n\t\t\t<\/div>\n\t\t\t<\/div>\n<p>[\/et_pb_text][\/et_pb_column][\/et_pb_row][\/et_pb_section]<\/p>\n","protected":false},"excerpt":{"rendered":"<p>[et_pb_section][et_pb_row][et_pb_column type=\u00bb4_4&#8243;][et_pb_text] [\/et_pb_text][\/et_pb_column][\/et_pb_row][\/et_pb_section]<\/p>\n","protected":false},"author":2,"featured_media":0,"parent":0,"menu_order":0,"comment_status":"closed","ping_status":"closed","template":"","meta":{"_et_pb_use_builder":"on","_et_pb_old_content":"<p>[product_page id=\u201d22\u201d]<\/p>","_et_gb_content_width":"","footnotes":""},"class_list":["post-127","page","type-page","status-publish","hentry"],"yoast_head":"<!-- This site is optimized with the Yoast SEO plugin v27.5 - https:\/\/yoast.com\/product\/yoast-seo-wordpress\/ -->\n<title>Acceso a correos - Preparacorreos<\/title>\n<meta name=\"robots\" content=\"index, follow, max-snippet:-1, max-image-preview:large, max-video-preview:-1\" \/>\n<link rel=\"canonical\" href=\"https:\/\/www.preparacorreos.com\/alta\/\" \/>\n<meta property=\"og:locale\" content=\"es_ES\" \/>\n<meta property=\"og:type\" content=\"article\" \/>\n<meta property=\"og:title\" content=\"Acceso a correos - Preparacorreos\" \/>\n<meta property=\"og:description\" content=\"[et_pb_section][et_pb_row][et_pb_column type=\u00bb4_4&#8243;][et_pb_text] [\/et_pb_text][\/et_pb_column][\/et_pb_row][\/et_pb_section]\" \/>\n<meta property=\"og:url\" content=\"https:\/\/www.preparacorreos.com\/alta\/\" \/>\n<meta property=\"og:site_name\" content=\"Preparacorreos\" \/>\n<meta property=\"article:modified_time\" content=\"2023-02-01T12:58:02+00:00\" \/>\n<meta name=\"twitter:card\" content=\"summary_large_image\" \/>\n<script type=\"application\/ld+json\" class=\"yoast-schema-graph\">{\"@context\":\"https:\\\/\\\/schema.org\",\"@graph\":[{\"@type\":\"WebPage\",\"@id\":\"https:\\\/\\\/www.preparacorreos.com\\\/alta\\\/\",\"url\":\"https:\\\/\\\/www.preparacorreos.com\\\/alta\\\/\",\"name\":\"Acceso a correos - Preparacorreos\",\"isPartOf\":{\"@id\":\"https:\\\/\\\/www.preparacorreos.com\\\/alta\\\/#website\"},\"datePublished\":\"2022-02-04T15:16:43+00:00\",\"dateModified\":\"2023-02-01T12:58:02+00:00\",\"breadcrumb\":{\"@id\":\"https:\\\/\\\/www.preparacorreos.com\\\/alta\\\/#breadcrumb\"},\"inLanguage\":\"es\",\"potentialAction\":[{\"@type\":\"ReadAction\",\"target\":[\"https:\\\/\\\/www.preparacorreos.com\\\/alta\\\/\"]}]},{\"@type\":\"BreadcrumbList\",\"@id\":\"https:\\\/\\\/www.preparacorreos.com\\\/alta\\\/#breadcrumb\",\"itemListElement\":[{\"@type\":\"ListItem\",\"position\":1,\"name\":\"Portada\",\"item\":\"https:\\\/\\\/www.preparacorreos.com\\\/alta\\\/\"},{\"@type\":\"ListItem\",\"position\":2,\"name\":\"Acceso a correos\"}]},{\"@type\":\"WebSite\",\"@id\":\"https:\\\/\\\/www.preparacorreos.com\\\/alta\\\/#website\",\"url\":\"https:\\\/\\\/www.preparacorreos.com\\\/alta\\\/\",\"name\":\"Preparacorreos\",\"description\":\"\",\"potentialAction\":[{\"@type\":\"SearchAction\",\"target\":{\"@type\":\"EntryPoint\",\"urlTemplate\":\"https:\\\/\\\/www.preparacorreos.com\\\/alta\\\/?s={search_term_string}\"},\"query-input\":{\"@type\":\"PropertyValueSpecification\",\"valueRequired\":true,\"valueName\":\"search_term_string\"}}],\"inLanguage\":\"es\"}]}<\/script>\n<!-- \/ Yoast SEO plugin. -->","yoast_head_json":{"title":"Acceso a correos - Preparacorreos","robots":{"index":"index","follow":"follow","max-snippet":"max-snippet:-1","max-image-preview":"max-image-preview:large","max-video-preview":"max-video-preview:-1"},"canonical":"https:\/\/www.preparacorreos.com\/alta\/","og_locale":"es_ES","og_type":"article","og_title":"Acceso a correos - Preparacorreos","og_description":"[et_pb_section][et_pb_row][et_pb_column type=\u00bb4_4&#8243;][et_pb_text] [\/et_pb_text][\/et_pb_column][\/et_pb_row][\/et_pb_section]","og_url":"https:\/\/www.preparacorreos.com\/alta\/","og_site_name":"Preparacorreos","article_modified_time":"2023-02-01T12:58:02+00:00","twitter_card":"summary_large_image","schema":{"@context":"https:\/\/schema.org","@graph":[{"@type":"WebPage","@id":"https:\/\/www.preparacorreos.com\/alta\/","url":"https:\/\/www.preparacorreos.com\/alta\/","name":"Acceso a correos - Preparacorreos","isPartOf":{"@id":"https:\/\/www.preparacorreos.com\/alta\/#website"},"datePublished":"2022-02-04T15:16:43+00:00","dateModified":"2023-02-01T12:58:02+00:00","breadcrumb":{"@id":"https:\/\/www.preparacorreos.com\/alta\/#breadcrumb"},"inLanguage":"es","potentialAction":[{"@type":"ReadAction","target":["https:\/\/www.preparacorreos.com\/alta\/"]}]},{"@type":"BreadcrumbList","@id":"https:\/\/www.preparacorreos.com\/alta\/#breadcrumb","itemListElement":[{"@type":"ListItem","position":1,"name":"Portada","item":"https:\/\/www.preparacorreos.com\/alta\/"},{"@type":"ListItem","position":2,"name":"Acceso a correos"}]},{"@type":"WebSite","@id":"https:\/\/www.preparacorreos.com\/alta\/#website","url":"https:\/\/www.preparacorreos.com\/alta\/","name":"Preparacorreos","description":"","potentialAction":[{"@type":"SearchAction","target":{"@type":"EntryPoint","urlTemplate":"https:\/\/www.preparacorreos.com\/alta\/?s={search_term_string}"},"query-input":{"@type":"PropertyValueSpecification","valueRequired":true,"valueName":"search_term_string"}}],"inLanguage":"es"}]}},"_links":{"self":[{"href":"https:\/\/www.preparacorreos.com\/alta\/wp-json\/wp\/v2\/pages\/127","targetHints":{"allow":["GET"]}}],"collection":[{"href":"https:\/\/www.preparacorreos.com\/alta\/wp-json\/wp\/v2\/pages"}],"about":[{"href":"https:\/\/www.preparacorreos.com\/alta\/wp-json\/wp\/v2\/types\/page"}],"author":[{"embeddable":true,"href":"https:\/\/www.preparacorreos.com\/alta\/wp-json\/wp\/v2\/users\/2"}],"replies":[{"embeddable":true,"href":"https:\/\/www.preparacorreos.com\/alta\/wp-json\/wp\/v2\/comments?post=127"}],"version-history":[{"count":3,"href":"https:\/\/www.preparacorreos.com\/alta\/wp-json\/wp\/v2\/pages\/127\/revisions"}],"predecessor-version":[{"id":9966,"href":"https:\/\/www.preparacorreos.com\/alta\/wp-json\/wp\/v2\/pages\/127\/revisions\/9966"}],"wp:attachment":[{"href":"https:\/\/www.preparacorreos.com\/alta\/wp-json\/wp\/v2\/media?parent=127"}],"curies":[{"name":"wp","href":"https:\/\/api.w.org\/{rel}","templated":true}]}}